{"id":7,"date":"2026-03-10T11:14:00","date_gmt":"2026-03-10T10:14:00","guid":{"rendered":"http:\/\/www.imeritrading.hekko24.pl\/?page_id=7"},"modified":"2026-04-07T14:16:02","modified_gmt":"2026-04-07T12:16:02","slug":"7-2","status":"publish","type":"page","link":"https:\/\/www.imeritrading.pl\/?page_id=7","title":{"rendered":"O firmie"},"content":{"rendered":"\n<p>IM\u039eRITR\u039bDING jest firm\u0105 handlow\u0105 ukierunkowan\u0105 na wprowadzanie zaawansowanych technologii na rynek krajowy i eksport towar\u00f3w z Polski za po\u015brednictwem g\u0142\u00f3wnego kontrahenta Calx\u00ae Trading Inc. | USA i Egipt.<\/p>\n\n\n\n<p>Podstaw\u0105 dzia\u0142alno\u015bci IM\u039eRITR\u039bDING jest wdra\u017canie, promowanie, importowanie na polski rynek oryginalnych, specjalistycznych \u015brodk\u00f3w smarnych Muscle Products Corp. (MPC)<\/p>\n\n\n\n<p>(MPC) jest pionierem i jednym z wiod\u0105cych wytw\u00f3rc\u00f3w nowoczesnej technologii olej\u00f3w i smar\u00f3w oraz dodatk\u00f3w wzbogacaj\u0105cych do \u015brodk\u00f3w smarnych w USA od 1985 r. Produkowane przez (MPC) preparaty s\u0105 szeroko stosowane prawie na ca\u0142ym \u015bwiecie.<\/p>\n\n\n\n<p>Wysoka jako\u015b\u0107, szeroki asortyment, sprawna dystrybucja oraz du\u017ca rozpoznawalno\u015b\u0107 w wielu krajach sprawiaj\u0105, \u017ce produkty Muscle\u2122 LUB-Tech MT-10\u00ae s\u0105 ch\u0119tnie kupowane zar\u00f3wno przez przedsi\u0119biorstwa jak i odbiorc\u00f3w indywidualnych.<\/p>\n\n\n\n<p>Maj\u0105c na uwadze powodzenie z jakim s\u0105 stosowane m.in. w przemy\u015ble samochodowym, kolejowym, maszynowym i sektorze zbrojeniowym jeste\u015bmy przekonani, \u017ce szybko znajd\u0105 sta\u0142ych i wiernych odbiorc\u00f3w w Polsce, S\u0142owacji i Republice Czeskiej.<\/p>\n\n\n\n<p>Produkty Muscle\u2122 LUB-Tech MT-10\u00ae spe\u0142niaj\u0105 najostrzejsze normy bezpiecze\u0144stwa, higieny pracy, ochrony \u015brodowiska oraz wszelkie re\u017cimy produkcji wymagane przez wsp\u00f3\u0142czesne procesy produkcyjne co poparte jest odpowiednimi Certyfikatami.<\/p>\n\n\n\n<p>Je\u015bli zale\u017cy Pa\u0144stwu na najwy\u017cszej jako\u015bci olej\u00f3w i smar\u00f3w gwarantuj\u0105cej niezawodn\u0105 prac\u0119 u\u017cywanych przez Pa\u0144stwa maszyn, urz\u0105dze\u0144 czy pojazd\u00f3w oraz zwi\u0119kszeniu wydajno\u015bci i efektywno\u015bci, wyd\u0142u\u017cenie czasu eksploatacji, obni\u017ceniu koszt\u00f3w energii to nasza oferta spe\u0142ni Pa\u0144stwa oczekiwania za mo\u017cliwie najni\u017csz\u0105 cen\u0119 przynosz\u0105c realne oszcz\u0119dno\u015bci parku maszynowego i obni\u017caj\u0105c koszty dzia\u0142alno\u015bci firmy.<\/p>\n\n\n\n<p>IM\u039eRITR\u039bDING dostarczy pe\u0142en asortyment niezawodnych, markowych produkt\u00f3w Muscle\u2122 dzi\u0119ki, kt\u00f3rym Pa\u0144stwa firma b\u0119dzie osi\u0105ga\u0107 jeszcze wi\u0119ksz\u0105 satysfakcj\u0119 z dynamicznego rozwoju.<\/p>\n\n\n\n<p>Naszym priorytetem w dzia\u0142aniu jest zapewnienie obecnym i przysz\u0142ym klientom obs\u0142ugi na najwy\u017cszym poziomie, ci\u0105g\u0142y rozw\u00f3j poszerzaj\u0105cy wiedz\u0119 i kompetencje, profesjonalizm, zaufanie i uczciwo\u015b\u0107. Stworzenie naszym kontrahentom mo\u017cliwo\u015bci trwa\u0142ych i stabilnych relacji biznesowych.<\/p>\n\n\n\n<p>W codziennej dzia\u0142alno\u015bci stawiamy przede wszystkim na pozytywne nastawienie, kreowanie popytu, dostarczenie produkt\u00f3w, kt\u00f3re b\u0119d\u0105 atrakcyjniejsze dla naszych partner\u00f3w w biznesie od tych, kt\u00f3re oferuj\u0105 nasi konkurenci.<\/p>\n\n\n\n<p class=\"has-text-color\" style=\"color:#00234f\">&#8222;Liderami wsp\u00f3\u0142czesnego handlu \u015brodkami smarnymi nie s\u0105 Ci, kt\u00f3rzy maj\u0105 najni\u017csze ceny ale Ci, kt\u00f3rzy oferuj\u0105 optymalny poziom ochrony. Nawet gdyby\u015b bra\u0142(-a) pod uwag\u0119 wiele innych, produkty Muscle\u2122 s\u0105 jedynymi, kt\u00f3re naprawd\u0119 chcesz kupi\u0107.&#8221;<\/p>\n\n\n\n<p>&#8211; Adam Imeri.<\/p>\n\n\n\n<p><\/p>\n","protected":false},"excerpt":{"rendered":"<p>IM\u039eRITR\u039bDING jest firm\u0105 handlow\u0105 ukierunkowan\u0105 na wprowadzanie zaawansowanych technologii na rynek krajowy i eksport towar\u00f3w z Polski za po\u015brednictwem g\u0142\u00f3wnego kontrahenta Calx\u00ae Trading Inc. | USA i Egipt. Podstaw\u0105 dzia\u0142alno\u015bci IM\u039eRITR\u039bDING jest wdra\u017canie, promowanie, importowanie na polski rynek oryginalnych, specjalistycznych [&hellip;]<\/p>\n","protected":false},"author":1,"featured_media":0,"parent":0,"menu_order":0,"comment_status":"closed","ping_status":"closed","template":"","meta":{"footnotes":""},"class_list":["post-7","page","type-page","status-publish","hentry"],"_links":{"self":[{"href":"https:\/\/www.imeritrading.pl\/index.php?rest_route=\/wp\/v2\/pages\/7","targetHints":{"allow":["GET"]}}],"collection":[{"href":"https:\/\/www.imeritrading.pl\/index.php?rest_route=\/wp\/v2\/pages"}],"about":[{"href":"https:\/\/www.imeritrading.pl\/index.php?rest_route=\/wp\/v2\/types\/page"}],"author":[{"embeddable":true,"href":"https:\/\/www.imeritrading.pl\/index.php?rest_route=\/wp\/v2\/users\/1"}],"replies":[{"embeddable":true,"href":"https:\/\/www.imeritrading.pl\/index.php?rest_route=%2Fwp%2Fv2%2Fcomments&post=7"}],"version-history":[{"count":253,"href":"https:\/\/www.imeritrading.pl\/index.php?rest_route=\/wp\/v2\/pages\/7\/revisions"}],"predecessor-version":[{"id":3837,"href":"https:\/\/www.imeritrading.pl\/index.php?rest_route=\/wp\/v2\/pages\/7\/revisions\/3837"}],"wp:attachment":[{"href":"https:\/\/www.imeritrading.pl\/index.php?rest_route=%2Fwp%2Fv2%2Fmedia&parent=7"}],"curies":[{"name":"wp","href":"https:\/\/api.w.org\/{rel}","templated":true}]}}