{"id":3677,"date":"2026-03-30T18:18:00","date_gmt":"2026-03-30T16:18:00","guid":{"rendered":"http:\/\/www.imeritrading.pl\/?page_id=3677"},"modified":"2026-04-07T14:17:12","modified_gmt":"2026-04-07T12:17:12","slug":"rekomendacje","status":"publish","type":"page","link":"https:\/\/www.imeritrading.pl\/?page_id=3677","title":{"rendered":"Rekomendacje"},"content":{"rendered":"\n<p class=\"has-medium-font-size\">Rekomendacja Calx\u00ae Trading Inc. | USA &amp; Egypt.<\/p>\n\n\n\n<div style=\"height:40px\" aria-hidden=\"true\" class=\"wp-block-spacer\"><\/div>\n\n\n<div class=\"wp-block-image\">\n<figure class=\"aligncenter size-large is-resized\"><a href=\"http:\/\/www.imeritrading.pl\/wp-content\/uploads\/2024\/08\/Calx_Trading_in_Poland.jpg\"><img loading=\"lazy\" decoding=\"async\" width=\"709\" height=\"1024\" src=\"http:\/\/www.imeritrading.pl\/wp-content\/uploads\/2024\/08\/Calx_Trading_in_Poland-709x1024.jpg\" alt=\"\" class=\"wp-image-3678\" style=\"width:840px;height:auto\" srcset=\"https:\/\/www.imeritrading.pl\/wp-content\/uploads\/2024\/08\/Calx_Trading_in_Poland-709x1024.jpg 709w, https:\/\/www.imeritrading.pl\/wp-content\/uploads\/2024\/08\/Calx_Trading_in_Poland-208x300.jpg 208w, https:\/\/www.imeritrading.pl\/wp-content\/uploads\/2024\/08\/Calx_Trading_in_Poland-768x1110.jpg 768w, https:\/\/www.imeritrading.pl\/wp-content\/uploads\/2024\/08\/Calx_Trading_in_Poland.jpg 795w\" sizes=\"auto, (max-width: 709px) 100vw, 709px\" \/><\/a><\/figure>\n<\/div>\n\n\n<div style=\"height:40px\" aria-hidden=\"true\" class=\"wp-block-spacer\"><\/div>\n\n\n\n<p class=\"has-text-color has-link-color wp-elements-9ada63d9bc7cd71eae3dab2a15b01f79\" style=\"color:#00234f\">\u201d Nawet gdyby\u015b bra\u0142(-a) pod uwag\u0119 wiele innych, produkty Muscle\u2122 s\u0105 jedynymi, kt\u00f3re naprawd\u0119 chcesz kupi\u0107.\u201d<\/p>\n\n\n\n<p>\u2013 Adam Imeri.<\/p>\n","protected":false},"excerpt":{"rendered":"<p>Rekomendacja Calx\u00ae Trading Inc. | USA &amp; Egypt. \u201d Nawet gdyby\u015b bra\u0142(-a) pod uwag\u0119 wiele innych, produkty Muscle\u2122 s\u0105 jedynymi, kt\u00f3re naprawd\u0119 chcesz kupi\u0107.\u201d \u2013 Adam Imeri.<\/p>\n","protected":false},"author":1,"featured_media":0,"parent":0,"menu_order":0,"comment_status":"closed","ping_status":"closed","template":"","meta":{"footnotes":""},"class_list":["post-3677","page","type-page","status-publish","hentry"],"_links":{"self":[{"href":"https:\/\/www.imeritrading.pl\/index.php?rest_route=\/wp\/v2\/pages\/3677","targetHints":{"allow":["GET"]}}],"collection":[{"href":"https:\/\/www.imeritrading.pl\/index.php?rest_route=\/wp\/v2\/pages"}],"about":[{"href":"https:\/\/www.imeritrading.pl\/index.php?rest_route=\/wp\/v2\/types\/page"}],"author":[{"embeddable":true,"href":"https:\/\/www.imeritrading.pl\/index.php?rest_route=\/wp\/v2\/users\/1"}],"replies":[{"embeddable":true,"href":"https:\/\/www.imeritrading.pl\/index.php?rest_route=%2Fwp%2Fv2%2Fcomments&post=3677"}],"version-history":[{"count":12,"href":"https:\/\/www.imeritrading.pl\/index.php?rest_route=\/wp\/v2\/pages\/3677\/revisions"}],"predecessor-version":[{"id":3821,"href":"https:\/\/www.imeritrading.pl\/index.php?rest_route=\/wp\/v2\/pages\/3677\/revisions\/3821"}],"wp:attachment":[{"href":"https:\/\/www.imeritrading.pl\/index.php?rest_route=%2Fwp%2Fv2%2Fmedia&parent=3677"}],"curies":[{"name":"wp","href":"https:\/\/api.w.org\/{rel}","templated":true}]}}