{"id":33,"date":"2026-03-10T11:39:00","date_gmt":"2026-03-10T10:39:00","guid":{"rendered":"http:\/\/www.imeritrading.hekko24.pl\/?page_id=33"},"modified":"2026-04-07T14:12:31","modified_gmt":"2026-04-07T12:12:31","slug":"kontakt","status":"publish","type":"page","link":"https:\/\/www.imeritrading.pl\/?page_id=33","title":{"rendered":"Kontakt"},"content":{"rendered":"\n<p>Masz pytanie, na kt\u00f3re nie znajdujesz odpowiedzi w serwisie? Wype\u0142nij formularz kontaktowy i zadaj pytanie w interesuj\u0105cej Ci\u0119 sprawie.<\/p>\n\n\n\n<div style=\"height:20px\" aria-hidden=\"true\" class=\"wp-block-spacer\"><\/div>\n\n\n<div class=\"frm_forms  with_frm_style frm_style_formidable-style\" id=\"frm_form_1_container\" >\n<form enctype=\"multipart\/form-data\" method=\"post\" class=\"frm-show-form \" id=\"form_contact-form\" >\n<div class=\"frm_form_fields \">\n<fieldset>\n<legend class=\"frm_screen_reader\">Kontakt<\/legend>\r\n\r\n<div class=\"frm_fields_container\">\n<input type=\"hidden\" name=\"frm_action\" value=\"create\" \/>\n<input type=\"hidden\" name=\"form_id\" value=\"1\" \/>\n<input type=\"hidden\" name=\"frm_hide_fields_1\" id=\"frm_hide_fields_1\" value=\"\" \/>\n<input type=\"hidden\" name=\"form_key\" value=\"contact-form\" \/>\n<input type=\"hidden\" name=\"item_meta[0]\" value=\"\" \/>\n<input type=\"hidden\" id=\"frm_submit_entry_1\" name=\"frm_submit_entry_1\" value=\"a1cf4e949e\" \/><input type=\"hidden\" name=\"_wp_http_referer\" value=\"\/index.php?rest_route=%2Fwp%2Fv2%2Fpages%2F33\" \/><div id=\"frm_field_1_container\" class=\"frm_form_field form-field  frm_required_field frm_top_container frm_first frm_half\">\r\n    <label for=\"field_qh4icy\" id=\"field_qh4icy_label\" class=\"frm_primary_label\">Imi\u0119 i nazwisko\r\n        <span class=\"frm_required\">*<\/span>\r\n    <\/label>\r\n    <input type=\"text\" id=\"field_qh4icy\" name=\"item_meta[1]\" value=\"\"  data-reqmsg=\"Imi\u0119 i nazwisko cannot be blank.\" aria-required=\"true\" data-invmsg=\"Name is invalid\" aria-invalid=\"false\"   aria-describedby=\"frm_desc_field_qh4icy\"\/>\r\n    <div class=\"frm_description\" id=\"frm_desc_field_qh4icy\">Nazwa firmy (opcjonalnie)<\/div>\r\n    \r\n<\/div>\n<div id=\"frm_field_3_container\" class=\"frm_form_field form-field  frm_required_field frm_top_container frm_full\">\r\n    <label for=\"field_29yf4d\" id=\"field_29yf4d_label\" class=\"frm_primary_label\">Adres e-mail\r\n        <span class=\"frm_required\">*<\/span>\r\n    <\/label>\r\n    <input type=\"email\" id=\"field_29yf4d\" name=\"item_meta[3]\" value=\"\"  data-reqmsg=\"Adres e-mail cannot be blank.\" aria-required=\"true\" data-invmsg=\"Please enter a valid email address\" aria-invalid=\"false\"  \/>\r\n    \r\n    \r\n<\/div>\n<div id=\"frm_field_4_container\" class=\"frm_form_field form-field  frm_required_field frm_top_container frm_full\">\r\n    <label for=\"field_e6lis6\" id=\"field_e6lis6_label\" class=\"frm_primary_label\">Temat\r\n        <span class=\"frm_required\">*<\/span>\r\n    <\/label>\r\n    <input type=\"text\" id=\"field_e6lis6\" name=\"item_meta[4]\" value=\"\"  data-reqmsg=\"Temat cannot be blank.\" aria-required=\"true\" data-invmsg=\"Subject is invalid\" aria-invalid=\"false\"  \/>\r\n    \r\n    \r\n<\/div>\n<div id=\"frm_field_5_container\" class=\"frm_form_field form-field  frm_required_field frm_top_container frm_full\">\r\n    <label for=\"field_9jv0r1\" id=\"field_9jv0r1_label\" class=\"frm_primary_label\">Tre\u015b\u0107 wiadomo\u015bci. \r\n        <span class=\"frm_required\">*<\/span>\r\n    <\/label>\r\n    <textarea name=\"item_meta[5]\" id=\"field_9jv0r1\" rows=\"5\"  data-reqmsg=\"Tre\u015b\u0107 wiadomo\u015bci.  cannot be blank.\" aria-required=\"true\" data-invmsg=\"Tre\u015b\u0107 wiadomo\u015bci.  jest nieprawid\u0142owe\" aria-invalid=\"false\"   aria-describedby=\"frm_desc_field_9jv0r1\"><\/textarea>\r\n    <div class=\"frm_description\" id=\"frm_desc_field_9jv0r1\">Prosimy o dok\u0142adne wype\u0142nianie p\u00f3l formularza. Skontaktujemy si\u0119 najszybciej jak to mo\u017cliwe. <\/div>\r\n    \r\n<\/div>\n<div id=\"frm_field_27_container\" class=\"frm_form_field form-field \">\n\t<div class=\"frm_submit\">\r\n\r\n<button class=\"frm_button_submit\" type=\"submit\"  >Wy\u015blij<\/button>\r\n\r\n<\/div>\n<\/div>\n\t<input type=\"hidden\" name=\"item_key\" value=\"\" \/>\n\t\t\t<div id=\"frm_field_29_container\">\n\t\t\t<label for=\"field_mq577\" >\n\t\t\t\tJe\u017celi jeste\u015b cz\u0142owiekiem, zostaw to pole puste.\t\t\t<\/label>\n\t\t\t<input  id=\"field_mq577\" type=\"text\" class=\"frm_form_field form-field frm_verify\" name=\"item_meta[29]\" value=\"\"  \/>\n\t\t<\/div>\n\t\t<input name=\"frm_state\" type=\"hidden\" value=\"eG7oAAGYDgPbyaPzLldi16Q7rL6plEXNCskbfO+7AVY=\" \/><\/div>\n<\/fieldset>\n<\/div>\n\n<\/form>\n<\/div>\n\n\n\n\n<p class=\"has-text-color has-link-color wp-elements-f417e0ddee31f1f60d33af09a0f35d41\" style=\"color:#00234f\">Klikaj\u0105c \u201eWy\u015blij\u201d o\u015bwiadczam, \u017ce znam i akceptuj\u0119 postanowienia Regulaminu IMERITRADING. Informacje przes\u0142ane za po\u015brednictwem formularzy s\u0105 przechowywane na potrzeby obs\u0142ugi klienta przez nieokre\u015blony czas, nie wykorzystuj\u0105c uzyskanych informacji w celach marketingowych.<\/p>\n\n\n\n<p class=\"has-black-color has-text-color has-link-color wp-elements-5478fa1a1bbd2254353ca7ffb3737943\">Wi\u0119cej na temat przetwarzania Twoich danych osobowych znajdziesz w <a href=\"http:\/\/www.imeritrading.pl\/?page_id=2123\" target=\"_blank\" rel=\"noreferrer noopener\">Polityka prywatno\u015bci.<\/a><\/p>\n\n\n\n<p><\/p>\n","protected":false},"excerpt":{"rendered":"<p>Masz pytanie, na kt\u00f3re nie znajdujesz odpowiedzi w serwisie? Wype\u0142nij formularz kontaktowy i zadaj pytanie w interesuj\u0105cej Ci\u0119 sprawie. Klikaj\u0105c \u201eWy\u015blij\u201d o\u015bwiadczam, \u017ce znam i akceptuj\u0119 postanowienia Regulaminu IMERITRADING. Informacje przes\u0142ane za po\u015brednictwem formularzy s\u0105 przechowywane na potrzeby obs\u0142ugi klienta [&hellip;]<\/p>\n","protected":false},"author":1,"featured_media":0,"parent":0,"menu_order":0,"comment_status":"closed","ping_status":"closed","template":"","meta":{"footnotes":""},"class_list":["post-33","page","type-page","status-publish","hentry"],"_links":{"self":[{"href":"https:\/\/www.imeritrading.pl\/index.php?rest_route=\/wp\/v2\/pages\/33","targetHints":{"allow":["GET"]}}],"collection":[{"href":"https:\/\/www.imeritrading.pl\/index.php?rest_route=\/wp\/v2\/pages"}],"about":[{"href":"https:\/\/www.imeritrading.pl\/index.php?rest_route=\/wp\/v2\/types\/page"}],"author":[{"embeddable":true,"href":"https:\/\/www.imeritrading.pl\/index.php?rest_route=\/wp\/v2\/users\/1"}],"replies":[{"embeddable":true,"href":"https:\/\/www.imeritrading.pl\/index.php?rest_route=%2Fwp%2Fv2%2Fcomments&post=33"}],"version-history":[{"count":49,"href":"https:\/\/www.imeritrading.pl\/index.php?rest_route=\/wp\/v2\/pages\/33\/revisions"}],"predecessor-version":[{"id":3803,"href":"https:\/\/www.imeritrading.pl\/index.php?rest_route=\/wp\/v2\/pages\/33\/revisions\/3803"}],"wp:attachment":[{"href":"https:\/\/www.imeritrading.pl\/index.php?rest_route=%2Fwp%2Fv2%2Fmedia&parent=33"}],"curies":[{"name":"wp","href":"https:\/\/api.w.org\/{rel}","templated":true}]}}