{"id":30,"date":"2026-03-10T11:38:00","date_gmt":"2026-03-10T10:38:00","guid":{"rendered":"http:\/\/www.imeritrading.hekko24.pl\/?page_id=30"},"modified":"2026-04-07T14:18:11","modified_gmt":"2026-04-07T12:18:11","slug":"praca","status":"publish","type":"page","link":"https:\/\/www.imeritrading.pl\/?page_id=30","title":{"rendered":"Wsp\u00f3\u0142praca B2B"},"content":{"rendered":"\n<p>Wsp\u00f3\u0142praca | Kontrakt B2B<\/p>\n\n\n\n<p>IMERITRADING poszukuje Przedstawicieli &amp; Partner\u00f3w Handlowych z Polski, Czech i S\u0142owacji do wsp\u00f3\u0142pracy i sprzeda\u017cy produkt\u00f3w marki:<\/p>\n\n\n\n<p class=\"has-text-color\" style=\"color:#00234f\">Muscle Products Corp. (MPC) &amp; LUB-tech MT-10\u00ae The Strength in Lubrication\u00ae.<\/p>\n\n\n\n<p>Zapraszamy do wsp\u00f3\u0142pracy firmy i osoby fizyczne prowadz\u0105ce dzia\u0142alno\u015b\u0107 gospodarcz\u0105 zdolne do stworzenia w\u0142asnej sieci sta\u0142ych odbiorc\u00f3w przemys\u0142owych i motoryzacyjnych charakteryzuj\u0105cych si\u0119 powtarzalno\u015bci\u0105 zapotrzebowania na oferowane produkty. Osoby umiej\u0105ce rozpozna\u0107 potrzeby klienta, przedsi\u0119biorcze, odpowiedzialne, uczciwe, sk\u0142onne do inwestowania czasu i pieni\u0119dzy niezb\u0119dnych do zbudowania biznesu w w\u0142a\u015bciwy spos\u00f3b.<\/p>\n\n\n\n<p>Region ca\u0142a Polska, Czechy, S\u0142owacja | Stanowisko: Przedstawiciel &amp; Partner Handlowy.<\/p>\n\n\n\n<p class=\"has-text-color\" style=\"color:#00234f\">Podstawowe zadania:<\/p>\n\n\n\n<ul class=\"wp-block-list\">\n<li>dbanie o rozw\u00f3j sprzeda\u017cy,<\/li>\n\n\n\n<li>nawi\u0105zywanie nowych kontakt\u00f3w z Klientami,<\/li>\n\n\n\n<li>aktywna promocja oferowanych produkt\u00f3w.<\/li>\n<\/ul>\n\n\n\n<p class=\"has-text-color\" style=\"color:#00234f\">Wymagania:<\/p>\n\n\n\n<ul class=\"wp-block-list\">\n<li>\u0142atwo\u015b\u0107 nawi\u0105zywania kontakt\u00f3w handlowych,<\/li>\n\n\n\n<li class=\"has-text-color has-link-color wp-elements-4f09bb58e40da7f0ddc8fc87507269f7\" style=\"color:#00234f\">dzia\u0142alno\u015b\u0107 gospodarcza | p\u0142atnik podatku VAT,<\/li>\n\n\n\n<li>dobra organizacja pracy i samodzielno\u015b\u0107,<\/li>\n\n\n\n<li>odpowiedzialno\u015b\u0107 i uczciwo\u015b\u0107,<\/li>\n\n\n\n<li>ch\u0119ci rozwoju.<\/li>\n<\/ul>\n\n\n\n<p class=\"has-text-color\" style=\"color:#00234f\">Oferujemy:<\/p>\n\n\n\n<ul class=\"wp-block-list\">\n<li>wsp\u00f3\u0142prac\u0119 w profesjonalnym i mi\u0119dzynarodowym \u015brodowisku,<\/li>\n\n\n\n<li>wsparcie marketingowe i organizacyjne,<\/li>\n\n\n\n<li>produkty najwy\u017cszej jako\u015bci dost\u0119pne tylko dla wybranych P &amp; PH,<\/li>\n\n\n\n<li class=\"has-text-color has-link-color wp-elements-3171a99eeedab7f0b3d3bd74bf67f640\" style=\"color:#00234f\">wsp\u00f3\u0142prac\u0119 w bran\u017cy, w kt\u00f3rej kryzys nie przeszkadza a pomaga w sprzeda\u017cy (du\u017ce oszcz\u0119dno\u015bci przy stosowaniu oferowanych \u015brodk\u00f3w),<\/li>\n\n\n\n<li class=\"has-text-color has-link-color wp-elements-c909557edba824985c7fc73d3f9aadf5\" style=\"color:#00234f\">szkolenia z zakresu doboru olej\u00f3w i smar\u00f3w (MPC) &amp; LUB-tech MT-10\u00ae<\/li>\n\n\n\n<li>premi\u0119 za dobr\u0105 realizacj\u0119 zada\u0144.<\/li>\n<\/ul>\n\n\n\n<p>Stereotypowo kobiety niech\u0119tnie aplikuj\u0105 na oferty pracy kierowane bardziej do m\u0119\u017cczyzn. Mimo, \u017ce znakomicie radz\u0105 sobie z budowaniem dobrych relacji z klientami s\u0105 zaanga\u017cowane, sumienne i odpowiedzialne &#8211; niestety nieliczne w bran\u017c. Prosz\u0119 pami\u0119ta\u0107, \u017ce nie trzeba si\u0119 wybitnie zna\u0107 na \u015brodkach smarnych, \u017ceby z sukcesem zajmowa\u0107 si\u0119 ich sprzeda\u017c\u0105.<\/p>\n\n\n\n<p class=\"has-text-color\" style=\"color:#00234f\">Prosimy o przesy\u0142anie przemy\u015blanych i powa\u017cnych odpowiedzi z informacj\u0105 na temat obecnie prowadzonej dzia\u0142alno\u015bci na adres: sales@imeritrading.pl<\/p>\n\n\n\n<p>Wysy\u0142aj\u0105c zg\u0142oszenie:<\/p>\n\n\n\n<p>&#8221; Wyra\u017cam zgod\u0119 na przetwarzanie moich danych osobowych i wizerunku w celu realizacji procesu rekrutacji i na potrzeby przysz\u0142ych rekrutacji zgodnie z ustaw\u0105 z dnia 29.08.97 r. o ochronie danych osobowych (Dz.U. z 2002 r. nr 101, poz. 926 z p\u00f3\u017an. zm.)&#8221;.<\/p>\n\n\n\n<p>Informacja w zakresie przetwarzania danych osobowych.<\/p>\n\n\n\n<p>Administratorem Pana\/Pani danych osobowych, przes\u0142anych w procesie rekrutacji, b\u0119dzie firma IMERITRADING. Dane osobowe b\u0119d\u0105 przetwarzane w celu przeprowadzenia procesu rekrutacji i nie b\u0119d\u0105 przetwarzane w spos\u00f3b zautomatyzowany w formie profilowania. Podanie danych osobowych jest dobrowolne. Konsekwencj\u0105 ich niepodania b\u0119dzie brak mo\u017cliwo\u015bci przeprowadzenia procesu rekrutacji.<\/p>\n\n\n\n<p>Na podstawie art. 6 ust. 1 lit. a) Rozporz\u0105dzenia Parlamentu Europejskiego i Rady (UE) 2016\/679 z dnia 27 kwietnia 2016 roku w sprawie ochrony os\u00f3b fizycznych w zwi\u0105zku z przetwarzaniem danych osobowych i w sprawie swobodnego przep\u0142ywu takich danych oraz uchylenia dyrektywy 95\/46\/WE (RODO). Dane osobowe przetwarzane w celach przeprowadzenia procesu rekrutacji b\u0119d\u0105 przetwarzane przez okres niezb\u0119dny do przeprowadzenia tego procesu lub do czasu odwo\u0142ania zgody. Osoba, kt\u00f3rej dane dotycz\u0105 ma prawo dost\u0119pu do tre\u015bci swoich danych osobowych oraz prawo ich sprostowania, usuni\u0119cia, ograniczenia przetwarzania, prawo do przenoszenia danych, prawo wniesienia sprzeciwu, prawo do cofni\u0119cia zgody w dowolnym momencie bez wp\u0142ywu na zgodno\u015b\u0107 z prawem przetwarzania, kt\u00f3rego dokonano na podstawie zgody przed jej cofni\u0119ciem.<\/p>\n\n\n\n<p>W przypadku stwierdzenia, \u017ce przetwarzanie danych osobowych narusza przepisy RODO, osoba kt\u00f3rej dane dotycz\u0105 ma prawo wnie\u015b\u0107 skarg\u0119 do Prezesa Urz\u0119du Ochrony Danych Osobowych.<\/p>\n\n\n\n<p><\/p>\n","protected":false},"excerpt":{"rendered":"<p>Wsp\u00f3\u0142praca | Kontrakt B2B IMERITRADING poszukuje Przedstawicieli &amp; Partner\u00f3w Handlowych z Polski, Czech i S\u0142owacji do wsp\u00f3\u0142pracy i sprzeda\u017cy produkt\u00f3w marki: Muscle Products Corp. (MPC) &amp; LUB-tech MT-10\u00ae The Strength in Lubrication\u00ae. Zapraszamy do wsp\u00f3\u0142pracy firmy i osoby fizyczne prowadz\u0105ce [&hellip;]<\/p>\n","protected":false},"author":1,"featured_media":0,"parent":0,"menu_order":0,"comment_status":"closed","ping_status":"closed","template":"","meta":{"footnotes":""},"class_list":["post-30","page","type-page","status-publish","hentry"],"_links":{"self":[{"href":"https:\/\/www.imeritrading.pl\/index.php?rest_route=\/wp\/v2\/pages\/30","targetHints":{"allow":["GET"]}}],"collection":[{"href":"https:\/\/www.imeritrading.pl\/index.php?rest_route=\/wp\/v2\/pages"}],"about":[{"href":"https:\/\/www.imeritrading.pl\/index.php?rest_route=\/wp\/v2\/types\/page"}],"author":[{"embeddable":true,"href":"https:\/\/www.imeritrading.pl\/index.php?rest_route=\/wp\/v2\/users\/1"}],"replies":[{"embeddable":true,"href":"https:\/\/www.imeritrading.pl\/index.php?rest_route=%2Fwp%2Fv2%2Fcomments&post=30"}],"version-history":[{"count":80,"href":"https:\/\/www.imeritrading.pl\/index.php?rest_route=\/wp\/v2\/pages\/30\/revisions"}],"predecessor-version":[{"id":3840,"href":"https:\/\/www.imeritrading.pl\/index.php?rest_route=\/wp\/v2\/pages\/30\/revisions\/3840"}],"wp:attachment":[{"href":"https:\/\/www.imeritrading.pl\/index.php?rest_route=%2Fwp%2Fv2%2Fmedia&parent=30"}],"curies":[{"name":"wp","href":"https:\/\/api.w.org\/{rel}","templated":true}]}}