{"id":2554,"date":"2026-03-21T14:07:00","date_gmt":"2026-03-21T13:07:00","guid":{"rendered":"http:\/\/www.imeritrading.pl\/?page_id=2554"},"modified":"2026-04-07T14:14:50","modified_gmt":"2026-04-07T12:14:50","slug":"produkty-muscle","status":"publish","type":"page","link":"https:\/\/www.imeritrading.pl\/","title":{"rendered":"MT-10\u00ae to d\u0142ugotrwa\u0142a ochrona, wi\u0119ksza moc, cichsza praca, mniejsze zu\u017cycia paliwa i oleju."},"content":{"rendered":"\n<p class=\"has-text-color has-link-color wp-elements-0ebf7476469216fc7dd8febe2b9b3fa6\" style=\"color:#00234f\">MT-10\u00ae ma kluczowe znaczenie dla ca\u0142kowitych koszt\u00f3w eksploatacji pojazdu zapewniaj\u0105c przy tym optymalny poziom ochrony. [\u2026].<\/p>\n\n\n\n<p>Rekomendacje stosowania MT-10\u00ae nie s\u0105 wymys\u0142em dzia\u0142u marketingu tylko technicznie i ekonomicznie uzasadnion\u0105 konieczno\u015bci\u0105. Korzystanie z technologii MT-10\u00ae nie stanowi bariery dost\u0119pu dla mniejszych przewo\u017anik\u00f3w a tym samym nie wprowadza r\u00f3\u017cnic na rynku pomi\u0119dzy du\u017cymi i ma\u0142ymi firmami. MT-10\u00ae w perspektywie d\u0142ugich dystans\u00f3w przynosi imponuj\u0105ce korzy\u015bci finansowe. Dodatkowo zaostrzaj\u0105ce si\u0119 wymagania wobec norm emisyjnych powoduj\u0105, \u017ce sprzeda\u017c \u015brodk\u00f3w smarnych<strong> <\/strong>Muscle\u2122 b\u0119dzie bardziej powszechna.<\/p>\n\n\n\n<p class=\"has-text-color\" style=\"color:#00234f\">Produkty Muscle\u2122 s\u0105 sprzedawane na najbardziej wymagaj\u0105cych rynkach.<\/p>\n\n\n\n<p>Muscle\u2122 b\u0119d\u0105c ekspertem w swojej bran\u017cy oraz partnerem w rozwoju biznesu klienta potrafi dostrzec nowe mo\u017cliwo\u015bci i nowe obszary rozwoju. Wie, \u017ce klient powinien otrzyma\u0107 taki produkt, o kt\u00f3rym nawet nie marzy\u0142, ale bez kt\u00f3rego teraz kiedy go u\u017cywa nie mo\u017ce si\u0119 obej\u015b\u0107. Dobry produkt to taki, kt\u00f3ry potrafi zmieni\u0107 perspektyw\u0119, poszerzy\u0107 horyzonty i otworzy\u0107 na nowe rozwi\u0105zania. Inwestuj\u0105c w produkty Muscle\u2122 inwestujesz we w\u0142asne przedsi\u0119biorstwo na d\u0142ugi okres. Warto by\u0107 zawsze o jeden krok przed konkurencj\u0105.<\/p>\n\n\n\n<p class=\"has-text-color\" style=\"color:#00234f\">Ju\u017c dzi\u015b! przekonaj si\u0119 jak dzia\u0142a MT-10\u00ae i chro\u0144 Sw\u00f3j biznes!<\/p>\n\n\n\n<p>Kupuj\u0105c produkty Muscle\u2122 o optymalnej ochronie mo\u017cesz by\u0107 pewien, \u017ce lepiej dbasz o Sw\u00f3j biznes. Niezale\u017cnie od prowadzonej przez Ciebie dzia\u0142alno\u015bci ju\u017c dzi\u015b mo\u017cesz zainwestowa\u0107 w Sw\u00f3j rozw\u00f3j. Racjonalne dysponowanie kapita\u0142em jest teraz bardziej istotna, ni\u017c kiedykolwiek wcze\u015bniej. [\u2026].<\/p>\n\n\n\n<p class=\"has-text-color\" style=\"color:#00234f\">Rekomendacje i zalecane u\u017cycie w przemy\u015ble i motoryzacji:<\/p>\n\n\n\n<p>Mechanizm nap\u0119dowy, przek\u0142adnie, \u0142o\u017cyska, sprz\u0119g\u0142a, pompy, reduktory, silniki i uk\u0142ady elektryczne, sprz\u0119t ci\u0119\u017cki, silniki benzynowe &amp; Diesel, manualne i automatyczne skrzynie bieg\u00f3w, wspomaganie kierownicy. [\u2026].<\/p>\n\n\n\n<p>MT-10\u00ae mo\u017cna doda\u0107 w ka\u017cdym momencie bez konieczno\u015bci wymiany oleju na nowy. Skuteczne dzia\u0142anie nast\u0119puje po przejechaniu oko\u0142o 100 km.<\/p>\n\n\n\n<p>Na co dzie\u0144 Muscle\u2122 wspomaga funkcjonowanie Twojego przedsi\u0119biorstwa wysokowydajnymi produktami, kt\u00f3re s\u0105 kluczem do sukcesu. Popraw efektywno\u015b\u0107 swojej firmy korzystaj\u0105c z nowoczesnej technologii Muscle\u2122<\/p>\n\n\n\n<p>Efekt MT-10\u00ae w kr\u00f3tkim czasie powinien przekona\u0107 nawet najwi\u0119kszych sceptyk\u00f3w. Wy\u017cszy poziom ochrony podzespo\u0142\u00f3w silnika, ograniczenie niepotrzebnych przestoj\u00f3w oraz obni\u017cenie koszt\u00f3w serwisowych po\u0142\u0105czone z oszcz\u0119dno\u015bciami zu\u017cywanego paliwa przynosi imponuj\u0105cy rezultat. [\u2026]<\/p>\n\n\n\n<p>Linia produkt\u00f3w<strong> <\/strong>Muscle\u2122 mo\u017ce by\u0107 szans\u0105 i impulsem na szybszy rozw\u00f3j dla wielu podmiot\u00f3w gospodarczych. To idealne rozwi\u0105zanie dla Ciebie i Twojej firmy &#8211; chro\u0144 Sw\u00f3j biznes!<\/p>\n\n\n\n<p class=\"has-text-color\" style=\"color:#00234f\">Korzystaj\u0105c z produkt\u00f3w Muscle\u2122 wiesz, \u017ce nawet gdyby\u015b bra\u0142(-a) pod uwag\u0119 wiele innych, produkty Muscle\u2122 s\u0105 jedynymi, kt\u00f3re naprawd\u0119 chcesz kupi\u0107.<\/p>\n","protected":false},"excerpt":{"rendered":"<p>MT-10\u00ae ma kluczowe znaczenie dla ca\u0142kowitych koszt\u00f3w eksploatacji pojazdu zapewniaj\u0105c przy tym optymalny poziom ochrony. [\u2026]. Rekomendacje stosowania MT-10\u00ae nie s\u0105 wymys\u0142em dzia\u0142u marketingu tylko technicznie i ekonomicznie uzasadnion\u0105 konieczno\u015bci\u0105. Korzystanie z technologii MT-10\u00ae nie stanowi bariery dost\u0119pu dla mniejszych [&hellip;]<\/p>\n","protected":false},"author":1,"featured_media":3275,"parent":0,"menu_order":0,"comment_status":"closed","ping_status":"closed","template":"","meta":{"footnotes":""},"class_list":["post-2554","page","type-page","status-publish","has-post-thumbnail","hentry"],"_links":{"self":[{"href":"https:\/\/www.imeritrading.pl\/index.php?rest_route=\/wp\/v2\/pages\/2554","targetHints":{"allow":["GET"]}}],"collection":[{"href":"https:\/\/www.imeritrading.pl\/index.php?rest_route=\/wp\/v2\/pages"}],"about":[{"href":"https:\/\/www.imeritrading.pl\/index.php?rest_route=\/wp\/v2\/types\/page"}],"author":[{"embeddable":true,"href":"https:\/\/www.imeritrading.pl\/index.php?rest_route=\/wp\/v2\/users\/1"}],"replies":[{"embeddable":true,"href":"https:\/\/www.imeritrading.pl\/index.php?rest_route=%2Fwp%2Fv2%2Fcomments&post=2554"}],"version-history":[{"count":91,"href":"https:\/\/www.imeritrading.pl\/index.php?rest_route=\/wp\/v2\/pages\/2554\/revisions"}],"predecessor-version":[{"id":3780,"href":"https:\/\/www.imeritrading.pl\/index.php?rest_route=\/wp\/v2\/pages\/2554\/revisions\/3780"}],"wp:featuredmedia":[{"embeddable":true,"href":"https:\/\/www.imeritrading.pl\/index.php?rest_route=\/wp\/v2\/media\/3275"}],"wp:attachment":[{"href":"https:\/\/www.imeritrading.pl\/index.php?rest_route=%2Fwp%2Fv2%2Fmedia&parent=2554"}],"curies":[{"name":"wp","href":"https:\/\/api.w.org\/{rel}","templated":true}]}}