{"id":2123,"date":"2026-03-19T18:32:00","date_gmt":"2026-03-19T17:32:00","guid":{"rendered":"http:\/\/www.imeritrading.pl\/?page_id=2123"},"modified":"2026-04-07T14:16:56","modified_gmt":"2026-04-07T12:16:56","slug":"polityka-prywatnosci","status":"publish","type":"page","link":"https:\/\/www.imeritrading.pl\/?page_id=2123","title":{"rendered":"Polityka prywatno\u015bci"},"content":{"rendered":"\n<p>Administratorem danych osobowych jest:<\/p>\n\n\n\n<p>IMERITRADING | MultiAgentGo\u2122<br>Ul. Fr. Nullo 3A\/3<br>32-300, Olkusz<br>Wojew\u00f3dztwo ma\u0142opolskie<br>tel\/kom +48 664 489 039<br>tel\/fax +48 32 643 07 01<br>e-mail: office@imeritrading.pl<br>www.imeritrading.pl<\/p>\n\n\n\n<p>Adres do korespondencji: 32-300, Olkusz ul. Fr. Nullo 3A\/3.<\/p>\n\n\n\n<p>Kontakt z administratorem jest mo\u017cliwy za po\u015brednictwem adresu e-mail: office@imeritrading.pl lub pisemnie na wy\u017cej wskazany adres do korespondencji.<\/p>\n\n\n\n<p>We wszystkich sprawach z zakresu ochrony danych osobowych w tym korzystania z praw zwi\u0105zanych z przetwarzaniem danych, mo\u017ce Pani\/Pan kontaktowa\u0107 si\u0119 z wyznaczonym przez administratora Inspektorem Ochrony Danych Osobowych drog\u0105 elektroniczn\u0105 na adres: office@imeritrading.pl lub pisemnie na adres: j.w.<\/p>\n\n\n\n<p>Cel przetwarzania danych osobowych oraz podstawa prawna przetwarzania.<\/p>\n\n\n\n<p>IMERITRADING | MultiAgentGo\u2122 mo\u017ce przetwarza\u0107 Pani\/Pana dane w celu:<\/p>\n\n\n\n<p>1. Przedstawienia oferty marketingowej produktu ubezpieczeniowego z oferty wsp\u00f3\u0142pracuj\u0105cych zak\u0142ad\u00f3w ubezpiecze\u0144 i innych podmiot\u00f3w wsp\u00f3\u0142pracuj\u0105cych.<\/p>\n\n\n\n<p>Podstaw\u0119 do przetwarzania stanowi dobrowolna zgoda na przetwarzanie Pani\/Pana danych osobowych w rozumieniu art. 6 ust. 1 pkt a Rozporz\u0105dzania Parlamentu Europejskiego i Rady (UE) 2016\/679 z dnia 27 kwietnia 2016 r. w sprawie ochrony os\u00f3b fizycznych w zwi\u0105zku z przetwarzaniem danych osobowych i w sprawie swobodnego przep\u0142ywu takich danych oraz uchylenia dyrektywy 95\/46\/WE (Dz.Urz. UE L 119 z 4.05.2016, str. 1) \u201eRODO\u201d.<\/p>\n\n\n\n<p>2. Marketingu bezpo\u015bredniego us\u0142ug w\u0142asnych zak\u0142adu ubezpiecze\u0144, z kt\u00f3rym ma Pan\/Pani zawart\u0105 za po\u015brednictwem IMERITRADING | MultiAgentGo\u2122 umow\u0119 ubezpieczenia lub innych us\u0142ug.<\/p>\n\n\n\n<p>Podstaw\u0119 do przetwarzania stanowi niezb\u0119dno\u015b\u0107 przetwarzania do realizacji celu wynikaj\u0105cego z prawnie uzasadnionego interesu administratora w rozumieniu art. 6 ust. 1 pkt f RODO, kt\u00f3rym jest marketing us\u0142ug w\u0142asnych tego zak\u0142adu ubezpiecze\u0144 na podstawie powierzonego IMERITRADING zakresu przetwarzania danych osobowych przez ten zak\u0142ad ubezpiecze\u0144 oraz marketing us\u0142ug w\u0142asnych.<\/p>\n\n\n\n<p>3. Zawarcia i wykonania umowy ubezpieczenia w tym dokonania oceny ryzyka ubezpieczeniowego.<\/p>\n\n\n\n<p>Podstaw\u0105 prawn\u0105 przetwarzania jest niezb\u0119dno\u015b\u0107 przetwarzania danych do podj\u0119cia dzia\u0142a\u0144 na \u017c\u0105danie osoby, kt\u00f3rej dane dotycz\u0105 niezb\u0119dnych do zawarcia umowy np. na potrzeby wniosku o zawarcie umowy ubezpieczenia i wykonywania umowy w rozumieniu art. 6 ust. 1 pkt b RODO na podstawie powierzonego IMERITRADING | MultiAgentGo\u2122 zakresu przetwarzania danych osobowych przez wsp\u00f3\u0142pracuj\u0105cy zak\u0142ad ubezpiecze\u0144.<\/p>\n\n\n\n<p>4. Oceny ryzyka ubezpieczeniowego w spos\u00f3b zautomatyzowany w ramach profilowania klient\u00f3w przed zawarciem umowy.<\/p>\n\n\n\n<p>Podstaw\u0105 prawn\u0105 przetwarzania jest niezb\u0119dno\u015b\u0107 przetwarzania do realizacji prawnego obowi\u0105zku ci\u0105\u017c\u0105cego na zak\u0142adzie ubezpiecze\u0144 w rozumieniu art. 6 ust. 1 pkt c RODO na podstawie powierzonego IMERITRADING zakresu przetwarzania danych osobowych przez wsp\u00f3\u0142pracuj\u0105cy zak\u0142ad ubezpiecze\u0144.<\/p>\n\n\n\n<p>5. Wype\u0142nienia obowi\u0105zk\u00f3w wynikaj\u0105cych z ustawy o rachunkowo\u015bci.<\/p>\n\n\n\n<p>Podstaw\u0105 prawn\u0105 przetwarzania danych jest niezb\u0119dno\u015b\u0107 przetwarzania do wype\u0142nienia obowi\u0105zku prawnego ci\u0105\u017c\u0105cego na IMERITRADING w rozumieniu art. 6 ust. 1 pkt c RODO.<\/p>\n\n\n\n<p>6. W celach analitycznych w tym profilowania na potrzeby monitorowania i analiz oferty produkt\u00f3w ubezpieczeniowych wsp\u00f3\u0142pracuj\u0105cych z IMERITRADING zak\u0142ad\u00f3w ubezpiecze\u0144 w celu zapewnienia mo\u017cliwo\u015bci zaproponowania produktu najbardziej dostosowanego do wymaga\u0144 i potrzeb osoby poszukuj\u0105cej ochrony ubezpieczeniowej.<\/p>\n\n\n\n<p>Podstaw\u0119 przetwarzania stanowi niezb\u0119dno\u015b\u0107 do realizacji celu wynikaj\u0105cego z prawnie uzasadnionego interesu realizowanego przez administratora jakim jest proponowanie klientowi produktu najbardziej odpowiedniego do wymaga\u0144 i potrzeb klienta w rozumieniu art. 6 ust. 1 pkt f RODO.<\/p>\n\n\n\n<p>7. Docelowo niezb\u0119dno\u015b\u0107 przetwarzania do wype\u0142nienia obowi\u0105zku prawnego ci\u0105\u017c\u0105cego na administratorze w rozumieniu art. 6 ust. 1 pkt c RODO w ramach realizacji art. 8 ust. 1 i ust. 3 Ustawy z 15 grudnia 2017 r. o dystrybucji ubezpiecze\u0144 (Dz.U. z 2017 r. poz. 2486) wprowadzaj\u0105cej obowi\u0105zek ustalenia wymaga\u0144 i potrzeb osoby poszukuj\u0105cej ochrony oraz przedstawienia produktu odpowiedniego do tych wymaga\u0144 i potrzeb.<\/p>\n\n\n\n<p>8. Ewentualnie w celu dochodzenia roszcze\u0144 lub w ramach obrony przed dochodzonymi roszczeniami zwi\u0105zanych z przedstawion\u0105 Pani\/Panu ofert\u0105 produktu ubezpieczeniowego.<\/p>\n\n\n\n<p>Podstaw\u0105 prawn\u0105 przetwarzania danych jest niezb\u0119dno\u015b\u0107 przetwarzania do realizacji prawnie uzasadnionego interesu administratora jakim jest zapewnienie mo\u017cliwo\u015b\u0107 dochodzenia oraz obrony przed roszczeniami w rozumieniu art. 6 ust. 1 pkt f RODO.<\/p>\n\n\n\n<p><\/p>\n","protected":false},"excerpt":{"rendered":"<p>Administratorem danych osobowych jest: IMERITRADING | MultiAgentGo\u2122Ul. Fr. Nullo 3A\/332-300, OlkuszWojew\u00f3dztwo ma\u0142opolskietel\/kom +48 664 489 039tel\/fax +48 32 643 07 01e-mail: office@imeritrading.plwww.imeritrading.pl Adres do korespondencji: 32-300, Olkusz ul. Fr. Nullo 3A\/3. Kontakt z administratorem jest mo\u017cliwy za po\u015brednictwem adresu e-mail: [&hellip;]<\/p>\n","protected":false},"author":1,"featured_media":0,"parent":0,"menu_order":0,"comment_status":"closed","ping_status":"closed","template":"","meta":{"footnotes":""},"class_list":["post-2123","page","type-page","status-publish","hentry"],"_links":{"self":[{"href":"https:\/\/www.imeritrading.pl\/index.php?rest_route=\/wp\/v2\/pages\/2123","targetHints":{"allow":["GET"]}}],"collection":[{"href":"https:\/\/www.imeritrading.pl\/index.php?rest_route=\/wp\/v2\/pages"}],"about":[{"href":"https:\/\/www.imeritrading.pl\/index.php?rest_route=\/wp\/v2\/types\/page"}],"author":[{"embeddable":true,"href":"https:\/\/www.imeritrading.pl\/index.php?rest_route=\/wp\/v2\/users\/1"}],"replies":[{"embeddable":true,"href":"https:\/\/www.imeritrading.pl\/index.php?rest_route=%2Fwp%2Fv2%2Fcomments&post=2123"}],"version-history":[{"count":10,"href":"https:\/\/www.imeritrading.pl\/index.php?rest_route=\/wp\/v2\/pages\/2123\/revisions"}],"predecessor-version":[{"id":3786,"href":"https:\/\/www.imeritrading.pl\/index.php?rest_route=\/wp\/v2\/pages\/2123\/revisions\/3786"}],"wp:attachment":[{"href":"https:\/\/www.imeritrading.pl\/index.php?rest_route=%2Fwp%2Fv2%2Fmedia&parent=2123"}],"curies":[{"name":"wp","href":"https:\/\/api.w.org\/{rel}","templated":true}]}}