{"id":17,"date":"2026-03-10T11:27:00","date_gmt":"2026-03-10T10:27:00","guid":{"rendered":"http:\/\/www.imeritrading.hekko24.pl\/?page_id=17"},"modified":"2026-04-07T14:12:47","modified_gmt":"2026-04-07T12:12:47","slug":"metal-treatment-mt-10","status":"publish","type":"page","link":"https:\/\/www.imeritrading.pl\/?page_id=17","title":{"rendered":"Metal Treatment MT-10\u00ae"},"content":{"rendered":"\n<p>U<span style=\"text-decoration: underline;\"><\/span><span style=\"text-decoration: underline;\"><\/span>trzymanie flot samochodowych czy parku maszynowego to spory wydatek i  powa\u017cny problem. Dlatego marzeniem ka\u017cdej Firmy jest zakup takich produkt\u00f3w, kt\u00f3re zapewni\u0105 jak najwi\u0119cej korzy\u015bci i oszcz\u0119dno\u015bci.<\/p>\n\n\n\n<p>Maksymalizacja oszcz\u0119dno\u015bci paliwa i minimalizacja koszt\u00f3w naprawy jest teraz bardziej istotna, ni\u017c kiedykolwiek wcze\u015bniej. Stosuj\u0105c Metal Treatment MT-10\u00ae oryginalny, niezawodny markowy produkt Pa\u0144stwa Firma b\u0119dzie osi\u0105ga\u0107 jeszcze wi\u0119ksz\u0105 satysfakcj\u0119 z dynamicznego rozwoju. MT-10\u00ae to cichsza praca, wi\u0119ksza moc i ochrona, mniejsze zu\u017cycie paliwa, mniejsza temperatura i ci\u015bnienie, emisja spalin, op\u00f3\u017ania starzenie si\u0119 oleju. MT-10\u00ae regeneruje wsp\u00f3\u0142pracuj\u0105ce ze sob\u0105 cz\u0119\u015bci metalowe w trakcie eksploatacji zapewniaj\u0105c d\u0142ugotrwa\u0142\u0105 ochron\u0119. Metal Treatment MT-10\u00ae jest jednym z kluczowych element\u00f3w linii specjalistycznych smar\u00f3w i dodatk\u00f3w smarnych Muscle Products Corp. (MPC). Produkowane przez (MPC) \u015brodki smarne s\u0105 szeroko stosowane prawie na ca\u0142ym \u015awiecie!<\/p>\n\n\n\n<p>Metal Treatment MT-10\u00ae zosta\u0142 zaprojektowany w celu poprawy w\u0142a\u015bciwo\u015bci smarnych oleju poprzez uszczelnienie i wyg\u0142adzenie powierzchni metalu. Stosowany w systemach, w kt\u00f3rych zaleca si\u0119 szczeg\u00f3ln\u0105 trosk\u0119 o dodatkow\u0105 ochron\u0119 ze wzgl\u0119du na bardzo wysokie ci\u015bnienie (EP) w warunkach wysokiego tarcia zwi\u0105zanego z wysok\u0105 temperatur\u0105 i ciep\u0142em powstaj\u0105cym podczas pracy poruszaj\u0105cych si\u0119 element\u00f3w.<\/p>\n\n\n\n<p>MT-10\u00ae nie zawiera teflonu (PTFE), grafitu, smar\u00f3w sta\u0142ych, silikonu. Przyjazny \u015brodowisku naturalnemu. MT-10\u00ae jest jednym z nielicznych dodatk\u00f3w smarnych stwarzaj\u0105cych ochron\u0119 w ekstremalnych ci\u015bnieniach i temperaturach dramatycznie zmniejszaj\u0105c tarcie. Zalecany do wszystkich silnik\u00f3w benzynowych &amp; Diesla.<\/p>\n\n\n\n<p class=\"has-text-color has-link-color wp-elements-28a5a8042dcda7776b42ce40bc410b5e\" style=\"color:#00234f\">Zalety:<\/p>\n\n\n\n<p>Zmniejsza tarcie i zu\u017cycie energii cieplnej, obni\u017ca temperatur\u0119 robocz\u0105, drastycznie zmniejsza ryzyko przegrzania silnika, zwi\u0119ksza wydajno\u015b\u0107 i efektywno\u015b\u0107 urz\u0105dzenie bez konieczno\u015bci wymiany oleju na nowy, mo\u017cna go doda\u0107 w ka\u017cdym momencie. Wyg\u0142adza, chroni i uszczelnia wszystkie wewn\u0119trzne ruchome cz\u0119\u015bci, redukuje tarcie w uk\u0142adach przeniesienia nap\u0119du, ha\u0142asy i wibracje. D\u0142ugotrwa\u0142y efekt smarowania, op\u00f3\u017ania starzenie si\u0119 oleju min. 50%, przed\u0142u\u017ca \u017cywotno\u015b\u0107 cz\u0119\u015bci.<\/p>\n\n\n\n<p class=\"has-text-color has-link-color wp-elements-8fb5ce18d75ae697086adc957a1fd334\" style=\"color:#00234f\">Rekomendacje i zalecane u\u017cycie w przemy\u015ble i motoryzacji:<\/p>\n\n\n\n<p>Mechanizm nap\u0119dowy, przek\u0142adnie, \u0142o\u017cyska , sprz\u0119g\u0142a, pompy, reduktory, silniki i uk\u0142ady elektryczne, sprz\u0119t ci\u0119\u017cki, silniki benzynowe &amp; Diesel, manualne i automatyczne skrzynie bieg\u00f3w, wspomaganie kierownicy.<\/p>\n\n\n\n<p>Zapobiega tzw. suchemu startowi silnika jednej z g\u0142\u00f3wnych przyczyn uszkodze\u0144 i awarii silnika spowodowanych \u015bciekaniem zwyk\u0142ego oleju do miski olejowej pozostawiaj\u0105c silnik z niedoborem oleju w g\u0142\u00f3wnych jego partiach. Rozruch silnika w takich warunkach powoduje nadmierne tarcie metalowych element\u00f3w silnika skracaj\u0105c ich \u017cywotno\u015b\u0107. Redukuje czas przestoj\u00f3w serwisowych pojazd\u00f3w, maszyn i urz\u0105dze\u0144, koszty utrzymania, poprawia rentowno\u015b\u0107 przynosz\u0105c realne oszcz\u0119dno\u015bci parku maszynowego i obni\u017caj\u0105c koszty dzia\u0142alno\u015bci Firmy.<\/p>\n\n\n\n<p>MT-10\u00ae jest doskona\u0142ej jako\u015bci i spe\u0142nia najostrzejsze normy bezpiecze\u0144stwa, higieny pracy, ochrony \u015brodowiska oraz spe\u0142nia wszelkie re\u017cimy produkcji wymagane przez wsp\u00f3\u0142czesne procesy produkcyjne co poparte jest odpowiednimi \u015awiadectwami Jako\u015bci: ISO 9001:2000, ISO 14001:2004, ISO 9001:2008<\/p>\n\n\n\n<p class=\"has-text-color\" style=\"color:#00234f\">Dawkowanie:<\/p>\n\n\n\n<p>Silniki benzynowe &amp; Diesel &#8211; dodaj 250 ml do 4 &#8211; 6 l oleju najlepiej przy ka\u017cdej wymianie oleju, ale nie jest to warunek Metal Treatment MT-10\u00ae mo\u017cna doda\u0107 w ka\u017cdym momencie bez konieczno\u015bci wymiany oleju na nowy zabieg powtarza\u0107 co 20.000 kilometr\u00f3w. Wi\u0119ksze silniki &#8211; dodaj 100 ml na ka\u017cdy 1 litr oleju. Automatyczne skrzynie bieg\u00f3w &#8211; dodaj 250 ml do uk\u0142adu. Standardowe skrzynie bieg\u00f3w &#8211; dodaj 50 ml na ka\u017cdy 1 litr oleju. Hydraulika &#8211; dodaj 50 ml na ka\u017cdy 1 litr oleju.<\/p>\n\n\n\n<p>Technologia Muscle\u2122 mo\u017ce by\u0107 impulsem i szans\u0105 dla wielu podmiot\u00f3w gospodarczych.<\/p>\n\n\n\n<p class=\"has-text-color\" style=\"color:#00234f\">Nawet gdyby\u015b bra\u0142(-a) pod uwag\u0119 wiele innych, produkty Muscle\u2122 s\u0105 jedynymi, kt\u00f3re naprawd\u0119 chcesz kupi\u0107. [\u2026].<\/p>\n\n\n\n<p><\/p>\n","protected":false},"excerpt":{"rendered":"<p>Utrzymanie flot samochodowych czy parku maszynowego to spory wydatek i powa\u017cny problem. Dlatego marzeniem ka\u017cdej Firmy jest zakup takich produkt\u00f3w, kt\u00f3re zapewni\u0105 jak najwi\u0119cej korzy\u015bci i oszcz\u0119dno\u015bci. Maksymalizacja oszcz\u0119dno\u015bci paliwa i minimalizacja koszt\u00f3w naprawy jest teraz bardziej istotna, ni\u017c kiedykolwiek [&hellip;]<\/p>\n","protected":false},"author":1,"featured_media":3273,"parent":0,"menu_order":0,"comment_status":"closed","ping_status":"closed","template":"","meta":{"footnotes":""},"class_list":["post-17","page","type-page","status-publish","has-post-thumbnail","hentry"],"_links":{"self":[{"href":"https:\/\/www.imeritrading.pl\/index.php?rest_route=\/wp\/v2\/pages\/17","targetHints":{"allow":["GET"]}}],"collection":[{"href":"https:\/\/www.imeritrading.pl\/index.php?rest_route=\/wp\/v2\/pages"}],"about":[{"href":"https:\/\/www.imeritrading.pl\/index.php?rest_route=\/wp\/v2\/types\/page"}],"author":[{"embeddable":true,"href":"https:\/\/www.imeritrading.pl\/index.php?rest_route=\/wp\/v2\/users\/1"}],"replies":[{"embeddable":true,"href":"https:\/\/www.imeritrading.pl\/index.php?rest_route=%2Fwp%2Fv2%2Fcomments&post=17"}],"version-history":[{"count":62,"href":"https:\/\/www.imeritrading.pl\/index.php?rest_route=\/wp\/v2\/pages\/17\/revisions"}],"predecessor-version":[{"id":3804,"href":"https:\/\/www.imeritrading.pl\/index.php?rest_route=\/wp\/v2\/pages\/17\/revisions\/3804"}],"wp:featuredmedia":[{"embeddable":true,"href":"https:\/\/www.imeritrading.pl\/index.php?rest_route=\/wp\/v2\/media\/3273"}],"wp:attachment":[{"href":"https:\/\/www.imeritrading.pl\/index.php?rest_route=%2Fwp%2Fv2%2Fmedia&parent=17"}],"curies":[{"name":"wp","href":"https:\/\/api.w.org\/{rel}","templated":true}]}}